{"id":6715,"date":"2024-05-01T08:45:52","date_gmt":"2024-05-01T08:45:52","guid":{"rendered":"https:\/\/wp.hixstudio.net\/biddut\/?page_id=29"},"modified":"2026-03-10T12:18:14","modified_gmt":"2026-03-10T15:18:14","slug":"about","status":"publish","type":"page","link":"https:\/\/mvpingenieria.cl\/?page_id=6715","title":{"rendered":"About"},"content":{"rendered":"<p><img decoding=\"async\" src=\"https:\/\/mvpingenieria.cl\/wp-content\/uploads\/2024\/05\/shape-3-1.png\" alt=\"\" \/><\/p>\n<h6><i data-purecounter-duration=\"0\" data-purecounter-end=\"35\"><br \/>\n<span style=\"vertical-align: inherit;\"><span style=\"vertical-align: inherit;\">35 <\/span><\/span><\/i><span style=\"vertical-align: inherit;\"><span style=\"vertical-align: inherit;\">+<\/span><\/span><\/h6>\n<p><span style=\"vertical-align: inherit;\"><span style=\"vertical-align: inherit;\">A\u00f1os de experiencia<\/span><\/span><br \/>\n<img decoding=\"async\" src=\"https:\/\/mvpingenieria.cl\/wp-content\/uploads\/2024\/05\/thumb-3-2.jpg\" alt=\"\" \/><br \/>\n<img decoding=\"async\" src=\"https:\/\/mvpingenieria.cl\/wp-content\/uploads\/2024\/05\/thumb-3-1.jpg\" alt=\"\" \/><br \/>\n<img decoding=\"async\" src=\"https:\/\/mvpingenieria.cl\/wp-content\/uploads\/2024\/05\/shape-3-2.png\" alt=\"\" \/><br \/>\n<span style=\"vertical-align: inherit;\"><span style=\"vertical-align: inherit;\">\/\/SOMOS COMPA\u00d1\u00cdA EL\u00c9CTRICA OFERTADA<\/span><\/span><\/p>\n<h2><span style=\"vertical-align: inherit;\"><span style=\"vertical-align: inherit;\">Produce tu propia limpieza y salva el medio ambiente<\/span><\/span><\/h2>\n<p><span style=\"vertical-align: inherit;\"><span style=\"vertical-align: inherit;\">Nullam eu nibh de la vida es el tiempo del empleado, pero desde el. Cada f\u00fatbol es muy importante, pero el maquillaje teme a los desarrolladores. Pero los desarrolladores lo necesitan. Necesita desarrolladores<\/span><\/span><\/p>\n<p><img loading=\"lazy\" decoding=\"async\" src=\"https:\/\/mvpingenieria.cl\/wp-content\/uploads\/2024\/10\/shape-1-6.png\" alt=\"\" width=\"26\" height=\"20\" \/><\/p>\n<h5><span style=\"vertical-align: inherit;\"><span style=\"vertical-align: inherit;\">Experto <\/span><\/span><br \/>\n<span style=\"vertical-align: inherit;\"><span style=\"vertical-align: inherit;\">electricista<\/span><\/span><\/h5>\n<h5><span style=\"vertical-align: inherit;\"><span style=\"vertical-align: inherit;\">Seguridad<\/span><\/span><br \/>\n<span style=\"vertical-align: inherit;\"><span style=\"vertical-align: inherit;\">aseguramiento<\/span><\/span><\/h5>\n<p><span style=\"vertical-align: inherit;\"><span style=\"vertical-align: inherit;\">En vero eos et accusamus et iusto odio.<\/span><\/span><br \/>\n<span style=\"vertical-align: inherit;\"><span style=\"vertical-align: inherit;\">Sed ut perspiciatis unde omnis iste natus sit.<\/span><\/span><br \/>\n<span style=\"vertical-align: inherit;\"><span style=\"vertical-align: inherit;\">Hecho establecido de que un lector se distraer\u00e1.<\/span><\/span><br \/>\n<a href=\"#\" target=\"_blank\" rel=\"nofollow noopener\"><span style=\"vertical-align: inherit;\"><span style=\"vertical-align: inherit;\">SABER M\u00c1S<\/span><\/span><\/a><br \/>\n<img loading=\"lazy\" decoding=\"async\" src=\"https:\/\/mvpingenieria.cl\/wp-content\/uploads\/2024\/05\/shape-1-1.png\" alt=\"\" width=\"137\" height=\"47\" \/><br \/>\n<img decoding=\"async\" src=\"https:\/\/mvpingenieria.cl\/wp-content\/uploads\/2024\/10\/shape-1-3-2.png\" alt=\"\" \/><br \/>\n<span style=\"vertical-align: inherit;\"><span style=\"vertical-align: inherit;\">NUESTROS SERVICIOS BIDDUT<\/span><\/span><\/p>\n<h2><span style=\"vertical-align: inherit;\"><span style=\"vertical-align: inherit;\">Excelentes servicios residenciales y comerciales<\/span><\/span><\/h2>\n<p><button><br \/>\n<\/button><br \/>\n<button><br \/>\n<\/button><br \/>\n<img decoding=\"async\" src=\"https:\/\/mvpingenieria.cl\/wp-content\/uploads\/2024\/06\/sv-1-1.png\" alt=\"\" \/><br \/>\n<img decoding=\"async\" src=\"https:\/\/wp.aqlova.com\/biddut\/wp-content\/themes\/biddut\/assets\/img\/service\/shape-1-1.png\" alt=\"\" \/><\/p>\n<h4><a href=\"https:\/\/wp.aqlova.com\/biddut\/tp-services\/upgrade-old-wiring\/\"><span style=\"vertical-align: inherit;\"><span style=\"vertical-align: inherit;\">Paneles el\u00e9ctricos<\/span><\/span><\/a><\/h4>\n<p><span style=\"vertical-align: inherit;\"><span style=\"vertical-align: inherit;\">Esta caja podr\u00eda corroerse con el tiempo, al perder la conexi\u00f3n, el polvo o los residuos.<\/span><\/span><\/p>\n<p><a href=\"https:\/\/wp.aqlova.com\/biddut\/tp-services\/upgrade-old-wiring\/\" target=\"\" rel=\"noopener\"><span style=\"vertical-align: inherit;\"><span style=\"vertical-align: inherit;\">Leer m\u00e1s<\/span><\/span><br \/>\n<\/a><br \/>\n<img decoding=\"async\" src=\"https:\/\/wp.aqlova.com\/biddut\/wp-content\/themes\/biddut\/assets\/img\/service\/shape-1-2.png\" alt=\"\" \/><br \/>\n<img decoding=\"async\" src=\"https:\/\/mvpingenieria.cl\/wp-content\/uploads\/2024\/06\/sv-1-2.jpg\" alt=\"\" \/><br \/>\n<img decoding=\"async\" src=\"https:\/\/wp.aqlova.com\/biddut\/wp-content\/themes\/biddut\/assets\/img\/service\/shape-1-1.png\" alt=\"\" \/><\/p>\n<h4><a href=\"https:\/\/wp.aqlova.com\/biddut\/tp-services\/upgrade-old-wiring\/\"><span style=\"vertical-align: inherit;\"><span style=\"vertical-align: inherit;\">Aire acondicionado<\/span><\/span><\/a><\/h4>\n<p><span style=\"vertical-align: inherit;\"><span style=\"vertical-align: inherit;\">El aire acondicionado no s\u00f3lo se utiliza para mantener frescos los hogares y las oficinas.<\/span><\/span><\/p>\n<p><a href=\"https:\/\/wp.aqlova.com\/biddut\/tp-services\/upgrade-old-wiring\/\" target=\"\" rel=\"noopener\"><span style=\"vertical-align: inherit;\"><span style=\"vertical-align: inherit;\">Leer m\u00e1s<\/span><\/span><br \/>\n<\/a><br \/>\n<img decoding=\"async\" src=\"https:\/\/wp.aqlova.com\/biddut\/wp-content\/themes\/biddut\/assets\/img\/service\/shape-1-2.png\" alt=\"\" \/><br \/>\n<img decoding=\"async\" src=\"https:\/\/mvpingenieria.cl\/wp-content\/uploads\/2024\/06\/sv-1-3.jpg\" alt=\"\" \/><br \/>\n<img decoding=\"async\" src=\"https:\/\/wp.aqlova.com\/biddut\/wp-content\/themes\/biddut\/assets\/img\/service\/shape-1-1.png\" alt=\"\" \/><\/p>\n<h4><a href=\"https:\/\/wp.aqlova.com\/biddut\/tp-services\/upgrade-old-wiring\/\"><span style=\"vertical-align: inherit;\"><span style=\"vertical-align: inherit;\">Servicio de calefacci\u00f3n<\/span><\/span><\/a><\/h4>\n<p><span style=\"vertical-align: inherit;\"><span style=\"vertical-align: inherit;\">Esta caja podr\u00eda corroerse con el tiempo, al perder la conexi\u00f3n, el polvo o los residuos.<\/span><\/span><\/p>\n<p><a href=\"https:\/\/wp.aqlova.com\/biddut\/tp-services\/upgrade-old-wiring\/\" target=\"\" rel=\"noopener\"><span style=\"vertical-align: inherit;\"><span style=\"vertical-align: inherit;\">Leer m\u00e1s<\/span><\/span><br \/>\n<\/a><br \/>\n<img decoding=\"async\" src=\"https:\/\/wp.aqlova.com\/biddut\/wp-content\/themes\/biddut\/assets\/img\/service\/shape-1-2.png\" alt=\"\" \/><br \/>\n<span style=\"vertical-align: inherit;\"><span style=\"vertical-align: inherit;\">Para emergencia<\/span><\/span><br \/>\n<a href=\"tel:+99934564234297\"><br \/>\n<span style=\"vertical-align: inherit;\"><span style=\"vertical-align: inherit;\">+99934564234297 <\/span><\/span><\/a><br \/>\n<span style=\"vertical-align: inherit;\"><span style=\"vertical-align: inherit;\">\/\/POR QU\u00c9 ELEGIR NUESTRO BIDDUT<\/span><\/span><\/p>\n<h2><span style=\"vertical-align: inherit;\"><span style=\"vertical-align: inherit;\">Gran raz\u00f3n para la gente<\/span><\/span><br \/>\n<span style=\"vertical-align: inherit;\"><span style=\"vertical-align: inherit;\">Elige nuestro biddut<\/span><\/span><\/h2>\n<p><span style=\"vertical-align: inherit;\"><span style=\"vertical-align: inherit;\">Durante m\u00e1s de una d\u00e9cada, hemos estado construyendo la red de abastecimiento de combustible del futuro. Hemos entregado m\u00e1s plazas a la carga que nadie, y gente<\/span><\/span><br \/>\n<span style=\"vertical-align: inherit;\"><span style=\"vertical-align: inherit;\">Cuente con nosotros para cargar systemtic<\/span><\/span><\/p>\n<h4><span style=\"vertical-align: inherit;\"><span style=\"vertical-align: inherit;\">Personalizado <\/span><\/span><br \/>\n<span style=\"vertical-align: inherit;\"><span style=\"vertical-align: inherit;\">soporte<\/span><\/span><\/h4>\n<h4><span style=\"vertical-align: inherit;\"><span style=\"vertical-align: inherit;\">Experto asegurado<\/span><\/span><\/h4>\n<h4><span style=\"vertical-align: inherit;\"><span style=\"vertical-align: inherit;\">Tarifa fija<\/span><\/span><\/h4>\n<h4><span style=\"vertical-align: inherit;\"><span style=\"vertical-align: inherit;\">Disponible 24 horas al d\u00eda, 7 d\u00edas a la semana<\/span><\/span><\/h4>\n<p><img loading=\"lazy\" decoding=\"async\" src=\"https:\/\/mvpingenieria.cl\/wp-content\/uploads\/2024\/05\/bg-3-1.jpg\" sizes=\"auto, (max-width: 863px) 100vw, 863px\" srcset=\"https:\/\/mvpingenieria.cl\/wp-content\/uploads\/2024\/05\/bg-3-1.jpg 863w, https:\/\/wp.aqlova.com\/biddut\/wp-content\/uploads\/2024\/05\/bg-3-1-600x514.jpg 600w, https:\/\/wp.aqlova.com\/biddut\/wp-content\/uploads\/2024\/05\/bg-3-1-300x257.jpg 300w, https:\/\/wp.aqlova.com\/biddut\/wp-content\/uploads\/2024\/05\/bg-3-1-768x659.jpg 768w\" alt=\"\" width=\"863\" height=\"740\" \/><br \/>\n<span style=\"vertical-align: inherit;\"><span style=\"vertical-align: inherit;\">NUESTRA EXHIBICI\u00d3N<\/span><\/span><\/p>\n<h2><span style=\"vertical-align: inherit;\"><span style=\"vertical-align: inherit;\">Consulta nuestros \u00faltimos proyectos<\/span><\/span><\/h2>\n<p><img loading=\"lazy\" decoding=\"async\" src=\"https:\/\/mvpingenieria.cl\/wp-content\/uploads\/2024\/10\/shape-1-1-4.png\" sizes=\"auto, (max-width: 348px) 100vw, 348px\" srcset=\"https:\/\/mvpingenieria.cl\/wp-content\/uploads\/2024\/10\/shape-1-1-4.png 348w, https:\/\/wp.aqlova.com\/biddut\/wp-content\/uploads\/2024\/10\/shape-1-1-4-111x300.png 111w\" alt=\"\" width=\"348\" height=\"939\" \/><br \/>\n<img decoding=\"async\" src=\"https:\/\/mvpingenieria.cl\/wp-content\/uploads\/2024\/05\/pro-1-1.jpg\" alt=\"\" \/><\/p>\n<p><span style=\"vertical-align: inherit;\"><span style=\"vertical-align: inherit;\">Reparar<\/span><\/span><\/p>\n<h4><a href=\"https:\/\/wp.aqlova.com\/biddut\/tp-portfolios\/industrial-solution\/\"><span style=\"vertical-align: inherit;\"><span style=\"vertical-align: inherit;\">Inspecciones y pruebas<\/span><\/span><\/a><\/h4>\n<p><img decoding=\"async\" src=\"https:\/\/mvpingenieria.cl\/wp-content\/uploads\/2024\/05\/pro-1-2.jpg\" alt=\"\" \/><\/p>\n<p><span style=\"vertical-align: inherit;\"><span style=\"vertical-align: inherit;\">Reparar<\/span><\/span><\/p>\n<h4><a href=\"https:\/\/wp.aqlova.com\/biddut\/tp-portfolios\/industrial-solution\/\"><span style=\"vertical-align: inherit;\"><span style=\"vertical-align: inherit;\">Reparaci\u00f3n el\u00e9ctrica<\/span><\/span><\/a><\/h4>\n<p><img decoding=\"async\" src=\"https:\/\/mvpingenieria.cl\/wp-content\/uploads\/2024\/05\/pro-1-3.jpg\" alt=\"\" \/><\/p>\n<p><span style=\"vertical-align: inherit;\"><span style=\"vertical-align: inherit;\">Reparar<\/span><\/span><\/p>\n<h4><a href=\"https:\/\/wp.aqlova.com\/biddut\/tp-portfolios\/industrial-solution\/\"><span style=\"vertical-align: inherit;\"><span style=\"vertical-align: inherit;\">Cableado del sistema de datos<\/span><\/span><\/a><\/h4>\n<p><img decoding=\"async\" src=\"https:\/\/mvpingenieria.cl\/wp-content\/uploads\/2024\/05\/pro-1-4.jpg\" alt=\"\" \/><\/p>\n<p><span style=\"vertical-align: inherit;\"><span style=\"vertical-align: inherit;\">Reparar<\/span><\/span><\/p>\n<h4><a href=\"https:\/\/wp.aqlova.com\/biddut\/tp-portfolios\/industrial-solution\/\"><span style=\"vertical-align: inherit;\"><span style=\"vertical-align: inherit;\">Soluci\u00f3n industrial<\/span><\/span><\/a><\/h4>\n<p><img decoding=\"async\" src=\"https:\/\/mvpingenieria.cl\/wp-content\/uploads\/2024\/05\/pro-1-5.jpg\" alt=\"\" \/><\/p>\n<p><span style=\"vertical-align: inherit;\"><span style=\"vertical-align: inherit;\">Reparar<\/span><\/span><\/p>\n<h4><a href=\"https:\/\/wp.aqlova.com\/biddut\/tp-portfolios\/industrial-solution\/\"><span style=\"vertical-align: inherit;\"><span style=\"vertical-align: inherit;\">Cableado de renovaci\u00f3n<\/span><\/span><\/a><\/h4>\n<p><img decoding=\"async\" src=\"https:\/\/mvpingenieria.cl\/wp-content\/uploads\/2024\/05\/pro-1-6.jpg\" alt=\"\" \/><\/p>\n<p><span style=\"vertical-align: inherit;\"><span style=\"vertical-align: inherit;\">Reparar<\/span><\/span><\/p>\n<h4><a href=\"https:\/\/wp.aqlova.com\/biddut\/tp-portfolios\/industrial-solution\/\"><span style=\"vertical-align: inherit;\"><span style=\"vertical-align: inherit;\">Cableado del sistema de datos<\/span><\/span><\/a><\/h4>\n<p><span style=\"vertical-align: inherit;\"><span style=\"vertical-align: inherit;\">NUESTRO EQUIPO DE EXPERTOS<\/span><\/span><\/p>\n<h2><span style=\"vertical-align: inherit;\"><span style=\"vertical-align: inherit;\">Conozca a nuestros experimentados <\/span><\/span><br \/>\n<span style=\"vertical-align: inherit;\"><span style=\"vertical-align: inherit;\">gente del equipo<\/span><\/span><\/h2>\n<p><img decoding=\"async\" src=\"https:\/\/mvpingenieria.cl\/wp-content\/uploads\/2024\/05\/team-1-1.jpg\" alt=\"\" \/><br \/>\n<i><\/i><br \/>\n<i><\/i><br \/>\n<i><\/i><\/p>\n<h3><a href=\"https:\/\/wp.aqlova.com\/biddut\/team-details\/\"><span style=\"vertical-align: inherit;\"><span style=\"vertical-align: inherit;\">Alberta Infantino<\/span><\/span><\/a><\/h3>\n<p>Electrician<br \/>\n<img decoding=\"async\" src=\"https:\/\/mvpingenieria.cl\/wp-content\/uploads\/2024\/05\/team-1-2.jpg\" alt=\"\" \/><br \/>\n<i><\/i><br \/>\n<i><\/i><br \/>\n<i><\/i><\/p>\n<h3><a href=\"https:\/\/wp.aqlova.com\/biddut\/team-details\/\">Jessica Robinson<\/a><\/h3>\n<p>Architect<br \/>\n<img decoding=\"async\" src=\"https:\/\/mvpingenieria.cl\/wp-content\/uploads\/2024\/05\/team-1-3.jpg\" alt=\"\" \/><br \/>\n<i><\/i><br \/>\n<i><\/i><br \/>\n<i><\/i><\/p>\n<h3><a href=\"https:\/\/wp.aqlova.com\/biddut\/team-details\/\">Tomaas Hirschi<\/a><\/h3>\n<p>Support<\/p>\n","protected":false},"excerpt":{"rendered":"<p>35 + A\u00f1os de experiencia \/\/SOMOS COMPA\u00d1\u00cdA EL\u00c9CTRICA OFERTADA Produce tu propia limpieza y salva el medio ambiente Nullam eu [&hellip;]<\/p>\n","protected":false},"author":1,"featured_media":0,"parent":0,"menu_order":0,"comment_status":"closed","ping_status":"closed","template":"","meta":{"_uag_custom_page_level_css":"","site-sidebar-layout":"default","site-content-layout":"","ast-site-content-layout":"default","site-content-style":"default","site-sidebar-style":"default","ast-global-header-display":"","ast-banner-title-visibility":"","ast-main-header-display":"","ast-hfb-above-header-display":"","ast-hfb-below-header-display":"","ast-hfb-mobile-header-display":"","site-post-title":"","ast-breadcrumbs-content":"","ast-featured-img":"","footer-sml-layout":"","ast-disable-related-posts":"","theme-transparent-header-meta":"","adv-header-id-meta":"","stick-header-meta":"","header-above-stick-meta":"","header-main-stick-meta":"","header-below-stick-meta":"","astra-migrate-meta-layouts":"default","ast-page-background-enabled":"default","ast-page-background-meta":{"desktop":{"background-color":"var(--ast-global-color-5)","background-image":"","background-repeat":"repeat","background-position":"center center","background-size":"auto","background-attachment":"scroll","background-type":"","background-media":"","overlay-type":"","overlay-color":"","overlay-opacity":"","overlay-gradient":""},"tablet":{"background-color":"","background-image":"","background-repeat":"repeat","background-position":"center center","background-size":"auto","background-attachment":"scroll","background-type":"","background-media":"","overlay-type":"","overlay-color":"","overlay-opacity":"","overlay-gradient":""},"mobile":{"background-color":"","background-image":"","background-repeat":"repeat","background-position":"center center","background-size":"auto","background-attachment":"scroll","background-type":"","background-media":"","overlay-type":"","overlay-color":"","overlay-opacity":"","overlay-gradient":""}},"ast-content-background-meta":{"desktop":{"background-color":"var(--ast-global-color-4)","background-image":"","background-repeat":"repeat","background-position":"center center","background-size":"auto","background-attachment":"scroll","background-type":"","background-media":"","overlay-type":"","overlay-color":"","overlay-opacity":"","overlay-gradient":""},"tablet":{"background-color":"var(--ast-global-color-4)","background-image":"","background-repeat":"repeat","background-position":"center center","background-size":"auto","background-attachment":"scroll","background-type":"","background-media":"","overlay-type":"","overlay-color":"","overlay-opacity":"","overlay-gradient":""},"mobile":{"background-color":"var(--ast-global-color-4)","background-image":"","background-repeat":"repeat","background-position":"center center","background-size":"auto","background-attachment":"scroll","background-type":"","background-media":"","overlay-type":"","overlay-color":"","overlay-opacity":"","overlay-gradient":""}},"footnotes":""},"class_list":["post-6715","page","type-page","status-publish","hentry"],"uagb_featured_image_src":{"full":false,"thumbnail":false,"medium":false,"medium_large":false,"large":false,"1536x1536":false,"2048x2048":false},"uagb_author_info":{"display_name":"mvpingenieria","author_link":"https:\/\/mvpingenieria.cl\/?author=1"},"uagb_comment_info":0,"uagb_excerpt":"35 + A\u00f1os de experiencia \/\/SOMOS COMPA\u00d1\u00cdA EL\u00c9CTRICA OFERTADA Produce tu propia limpieza y salva el medio ambiente Nullam eu [&hellip;]","_links":{"self":[{"href":"https:\/\/mvpingenieria.cl\/index.php?rest_route=\/wp\/v2\/pages\/6715","targetHints":{"allow":["GET"]}}],"collection":[{"href":"https:\/\/mvpingenieria.cl\/index.php?rest_route=\/wp\/v2\/pages"}],"about":[{"href":"https:\/\/mvpingenieria.cl\/index.php?rest_route=\/wp\/v2\/types\/page"}],"author":[{"embeddable":true,"href":"https:\/\/mvpingenieria.cl\/index.php?rest_route=\/wp\/v2\/users\/1"}],"replies":[{"embeddable":true,"href":"https:\/\/mvpingenieria.cl\/index.php?rest_route=%2Fwp%2Fv2%2Fcomments&post=6715"}],"version-history":[{"count":2,"href":"https:\/\/mvpingenieria.cl\/index.php?rest_route=\/wp\/v2\/pages\/6715\/revisions"}],"predecessor-version":[{"id":6844,"href":"https:\/\/mvpingenieria.cl\/index.php?rest_route=\/wp\/v2\/pages\/6715\/revisions\/6844"}],"wp:attachment":[{"href":"https:\/\/mvpingenieria.cl\/index.php?rest_route=%2Fwp%2Fv2%2Fmedia&parent=6715"}],"curies":[{"name":"wp","href":"https:\/\/api.w.org\/{rel}","templated":true}]}}